{"id":111,"date":"2025-02-12T21:40:19","date_gmt":"2025-02-12T21:40:19","guid":{"rendered":"https:\/\/majaivanovic.com\/?page_id=111"},"modified":"2026-01-15T20:03:34","modified_gmt":"2026-01-15T20:03:34","slug":"uslovi-koriscenja","status":"publish","type":"page","link":"https:\/\/majaivanovic.com\/en\/uslovi-koriscenja\/","title":{"rendered":"Uslovi koriscenja"},"content":{"rendered":"<h3>Osnovni podaci o kompaniji<\/h3>\n<p><b>Puno poslovno ime je: <\/b>MAJA IVANOVI\u0106 PR POMO\u0106NE OBRAZOVNE DELATNOSTI MI DU\u010cINA<b><br \/><\/b><b>\u0160ifra delatnosti: <\/b>8560<b><br \/><\/b><b>Mati\u010dni broj: <\/b>67929616<b><br \/><\/b><b>PIB<\/b>: 114887097<br \/><b>Web adresa:<\/b><a href=\"https:\/\/majaivanovic.com\/en\/\"> www.majaivanovic.com<\/a><b><br \/><\/b><b>Email:<\/b><a href=\"mailto:kontakt@majaivanovic.com\"> kontakt@majaivanovic.com<\/a><\/p>\n<h3>Kori\u0161\u0107enje veb sajta<\/h3>\n<p>Kori\u0161\u0107enjem ovog veb sajta i njegovih usluga smatramo da ste u potpunosti saglasni i prihvatate uslove i politiku privatnosti. Ako se ne sla\u017eete sa uslovima kori\u0161\u0107enja sajta i\/ili politikom privatnosti, ne smete koristiti ovaj sajt kao ni usluge koje nudi. Kori\u0161\u0107enje veb sajta izri\u010dito je uslovljeno saglasno\u0161\u0107u sa svim uslovima ovog ugovora, uz isklju\u010denje svih drugih uslova.<\/p>\n<h3>Autorska prava<\/h3>\n<p>Celokupan materijal za\u0161ti\u0107en je autorskim pravom.<\/p>\n<h3>Opis proizvoda\/usluge<\/h3>\n<p data-start=\"544\" data-end=\"778\">Proizvod na ovom sajtu je <strong data-start=\"570\" data-end=\"601\">nematerijalna online usluga<\/strong>, kao \u0161to je savetovanje, edukacija ili seansa, koja se realizuje u <strong data-start=\"669\" data-end=\"714\">terminu unapred dogovorenom sa korisnikom<\/strong>. Usluga se ne \u0161alje fizi\u010dki niti se isporu\u010duje na ku\u0107nu adresu.<\/p>\n<h3 data-start=\"780\" data-end=\"820\">Proces naru\u010divanja i pla\u0107anja<\/h3>\n<p data-start=\"821\" data-end=\"1056\">Pla\u0107anje se vr\u0161i putem online platforme. Nakon \u0161to korisnik izvr\u0161i uplatu, sistem automatski \u0161alje email sa potvrdom uspe\u0161ne transakcije. U tom emailu se nalazi i podsetnik za zakazani termin, kao i sve relevantne informacije o usluzi.<\/p>\n<h3>Izjava o konverziji<\/h3>\n<p>Sva pla\u0107anja bi\u0107e izvr\u0161ena u lokalnoj valuti Republike Srbije \u2013 dinar (RSD). Za informativni prikaz cena u drugim valutama koristi se <a href=\"https:\/\/www.nbs.rs\/export\/sites\/default\/internet\/latinica\/scripts\/kl_srednji.html\"><i>srednji kurs Narodne Banke Srbije<\/i><\/a>. Iznos za koji \u0107e biti zadu\u017eena Va\u0161a platna kartica bi\u0107e izra\u017een u Va\u0161oj lokalnoj valuti kroz konverziju u istu po kursu koji koriste karti\u010darske organizacije, a koji nama u trenutku transakcije ne mo\u017ee biti poznat. Kao rezultat ove konverzije postoji mogu\u0107nost neznatne razlike od originalne cene navedene na na\u0161em sajtu.<\/p>\n<h3>Izjava o PDV-u<\/h3>\n<p>PR Agencija MI nije obveznik PDV-a.<\/p>\n<h3 data-start=\"1405\" data-end=\"1441\">Dostava i isporuka usluge<\/h3>\n<p data-start=\"1442\" data-end=\"1578\">Po\u0161to se radi o digitalnoj usluzi, dostava se vr\u0161i u obliku <strong data-start=\"1502\" data-end=\"1552\">potvrde o terminu i komunikacije putem e-maila<\/strong>. Nakon uspe\u0161nog pla\u0107anja:<\/p>\n<ul data-start=\"1579\" data-end=\"1914\">\n<li data-start=\"1579\" data-end=\"1646\">\n<p data-start=\"1581\" data-end=\"1646\">Kupac automatski dobija email sa potvrdom o uspe\u0161noj transakciji.<\/p>\n<\/li>\n<li data-start=\"1647\" data-end=\"1778\">\n<p data-start=\"1649\" data-end=\"1778\">U roku od najvi\u0161e 24 \u010dasa dobija sve neophodne informacije za pristup usluzi (link za Google Meets, vreme seanse, kontakt za podr\u0161ku&#8230;).<\/p>\n<\/li>\n<li data-start=\"1779\" data-end=\"1914\">\n<p data-start=\"1781\" data-end=\"1914\">U slu\u010daju da email nije stigao, korisnik se mo\u017ee obratiti putem kontakt boj telefona ili direktno na email adresu koja je navedena na sajtu.<\/p>\n<\/li>\n<\/ul>\n<h3 data-start=\"1916\" data-end=\"1956\">Otkazivanje i promena termina<\/h3>\n<p data-start=\"1957\" data-end=\"2210\">Korisnik mo\u017ee zatra\u017eiti izmenu termina minimum 24h pre zakazanog termina, u dogovoru sa pru\u017eaocem usluge. U slu\u010daju da korisnik ne prisustvuje u dogovorenom terminu bez prethodnog obave\u0161tenja, usluga se smatra iskori\u0161\u0107enom i povrat sredstava nije mogu\u0107.<\/p>\n<h3>Postupak reklamacije<\/h3>\n<p>Zbog prirode usluge (online individualna ili grupna seansa), <strong data-start=\"2317\" data-end=\"2348\">povrat sredstava nije mogu\u0107<\/strong> nakon \u0161to je usluga zapo\u010deta ili pru\u017eena. Reklamacije su mogu\u0107e isklju\u010divo ukoliko do usluge nije do\u0161lo iz tehni\u010dkih ili organizacionih razloga uzrokovanih od strane pru\u017eaoca usluge.<\/p>\n<h3>Za\u0161tita poverljivih podataka o transakciji<\/h3>\n<p>Prilikom uno\u0161enja podataka o platnoj kartici, poverljive informacija se prenose putem javne mre\u017ee u za\u0161ti\u0107enoj (kriptovanoj) formi upotrebom SSL protokola i PKI sistema, kao trenutno najsavremenije kriptografske tehnologije.<br \/>Sigurnost podataka prilikom kupovine, garantuje procesor platnih kartica, Banca Intesa ad Beograd, pa se tako kompletni proces naplate obavlja na stranicama banke. Niti jednog trenutka podaci o platnoj kartici nisu dostupni na\u0161em sistemu.<\/p>\n<h3>Za\u0161tita podataka<\/h3>\n<p>U ime PR Agnecije MI obavezujemo se da \u0107emo \u010duvati privatnost svih na\u0161ih kupaca. Prikupljamo samo neophodne, osnovne podatke o kupcima\/ korisnicima i podatke neophodne za poslovanje i informisanje korisnika u skladu sa dobrim poslovnim obi\u010dajima i u cilju pru\u017eanja kvalitetne usluge. Dajemo kupcima mogu\u0107nost izbora uklju\u010duju\u0107i mogu\u0107nost odluke da li \u017eele ili ne da se izbri\u0161u sa mailing lista koje se koriste za marketin\u0161ke kampanje. Svi podaci o korisnicima\/kupcima se strogo \u010duvaju i dostupni su samo zaposlenima kojima su ti podaci nu\u017eni za obavljanje posla. Svi zaposleni PR Agnecije MI (i poslovni partneri) odgovorni su za po\u0161tovanje na\u010dela za\u0161tite privatnosti.<\/p>","protected":false},"excerpt":{"rendered":"<p>Osnovni podaci o kompaniji Puno poslovno ime je: MAJA IVANOVI\u0106 PR POMO\u0106NE OBRAZOVNE DELATNOSTI MI DU\u010cINA\u0160ifra delatnosti: 8560Mati\u010dni broj: 67929616PIB: 114887097Web adresa: www.majaivanovic.comEmail: kontakt@majaivanovic.com Kori\u0161\u0107enje veb<span class=\"excerpt-hellip\"> [\u2026]<\/span><\/p>\n","protected":false},"author":1,"featured_media":77,"parent":0,"menu_order":0,"comment_status":"closed","ping_status":"closed","template":"","meta":{"footnotes":""},"class_list":["post-111","page","type-page","status-publish","has-post-thumbnail","hentry"],"yoast_head":"<!-- This site is optimized with the Yoast SEO plugin v27.4 - https:\/\/yoast.com\/product\/yoast-seo-wordpress\/ -->\n<title>Uslovi koriscenja - Maja Ivanovi\u0107<\/title>\n<meta name=\"robots\" content=\"index, follow, max-snippet:-1, max-image-preview:large, max-video-preview:-1\" \/>\n<link rel=\"canonical\" href=\"https:\/\/majaivanovic.com\/en\/uslovi-koriscenja\/\" \/>\n<meta property=\"og:locale\" content=\"en_US\" \/>\n<meta property=\"og:type\" content=\"article\" \/>\n<meta property=\"og:title\" content=\"Uslovi koriscenja - Maja Ivanovi\u0107\" \/>\n<meta property=\"og:description\" content=\"Osnovni podaci o kompaniji Puno poslovno ime je: MAJA IVANOVI\u0106 PR POMO\u0106NE OBRAZOVNE DELATNOSTI MI DU\u010cINA\u0160ifra delatnosti: 8560Mati\u010dni broj: 67929616PIB: 114887097Web adresa: www.majaivanovic.comEmail: kontakt@majaivanovic.com Kori\u0161\u0107enje veb [\u2026]\" \/>\n<meta property=\"og:url\" content=\"https:\/\/majaivanovic.com\/en\/uslovi-koriscenja\/\" \/>\n<meta property=\"og:site_name\" content=\"Maja Ivanovi\u0107\" \/>\n<meta property=\"article:modified_time\" content=\"2026-01-15T20:03:34+00:00\" \/>\n<meta property=\"og:image\" content=\"https:\/\/majaivanovic.com\/wp-content\/uploads\/preview-site-1.png\" \/>\n\t<meta property=\"og:image:width\" content=\"1080\" \/>\n\t<meta property=\"og:image:height\" content=\"566\" \/>\n\t<meta property=\"og:image:type\" content=\"image\/png\" \/>\n<meta name=\"twitter:card\" content=\"summary_large_image\" \/>\n<meta name=\"twitter:label1\" content=\"Est. reading time\" \/>\n\t<meta name=\"twitter:data1\" content=\"3 minutes\" \/>\n<script type=\"application\/ld+json\" class=\"yoast-schema-graph\">{\"@context\":\"https:\\\/\\\/schema.org\",\"@graph\":[{\"@type\":\"WebPage\",\"@id\":\"https:\\\/\\\/majaivanovic.com\\\/uslovi-koriscenja\\\/\",\"url\":\"https:\\\/\\\/majaivanovic.com\\\/uslovi-koriscenja\\\/\",\"name\":\"Uslovi koriscenja - Maja Ivanovi\u0107\",\"isPartOf\":{\"@id\":\"https:\\\/\\\/majaivanovic.com\\\/#website\"},\"primaryImageOfPage\":{\"@id\":\"https:\\\/\\\/majaivanovic.com\\\/uslovi-koriscenja\\\/#primaryimage\"},\"image\":{\"@id\":\"https:\\\/\\\/majaivanovic.com\\\/uslovi-koriscenja\\\/#primaryimage\"},\"thumbnailUrl\":\"https:\\\/\\\/majaivanovic.com\\\/wp-content\\\/uploads\\\/preview-site-1.png\",\"datePublished\":\"2025-02-12T21:40:19+00:00\",\"dateModified\":\"2026-01-15T20:03:34+00:00\",\"breadcrumb\":{\"@id\":\"https:\\\/\\\/majaivanovic.com\\\/uslovi-koriscenja\\\/#breadcrumb\"},\"inLanguage\":\"en-US\",\"potentialAction\":[{\"@type\":\"ReadAction\",\"target\":[\"https:\\\/\\\/majaivanovic.com\\\/uslovi-koriscenja\\\/\"]}]},{\"@type\":\"ImageObject\",\"inLanguage\":\"en-US\",\"@id\":\"https:\\\/\\\/majaivanovic.com\\\/uslovi-koriscenja\\\/#primaryimage\",\"url\":\"https:\\\/\\\/majaivanovic.com\\\/wp-content\\\/uploads\\\/preview-site-1.png\",\"contentUrl\":\"https:\\\/\\\/majaivanovic.com\\\/wp-content\\\/uploads\\\/preview-site-1.png\",\"width\":1080,\"height\":566},{\"@type\":\"BreadcrumbList\",\"@id\":\"https:\\\/\\\/majaivanovic.com\\\/uslovi-koriscenja\\\/#breadcrumb\",\"itemListElement\":[{\"@type\":\"ListItem\",\"position\":1,\"name\":\"Home\",\"item\":\"https:\\\/\\\/majaivanovic.com\\\/\"},{\"@type\":\"ListItem\",\"position\":2,\"name\":\"Uslovi koriscenja\"}]},{\"@type\":\"WebSite\",\"@id\":\"https:\\\/\\\/majaivanovic.com\\\/#website\",\"url\":\"https:\\\/\\\/majaivanovic.com\\\/\",\"name\":\"Maja Ivanovi\u0107\",\"description\":\"Psihoterapija\",\"potentialAction\":[{\"@type\":\"SearchAction\",\"target\":{\"@type\":\"EntryPoint\",\"urlTemplate\":\"https:\\\/\\\/majaivanovic.com\\\/?s={search_term_string}\"},\"query-input\":{\"@type\":\"PropertyValueSpecification\",\"valueRequired\":true,\"valueName\":\"search_term_string\"}}],\"inLanguage\":\"en-US\"}]}<\/script>\n<!-- \/ Yoast SEO plugin. -->","yoast_head_json":{"title":"Uslovi koriscenja - Maja Ivanovi\u0107","robots":{"index":"index","follow":"follow","max-snippet":"max-snippet:-1","max-image-preview":"max-image-preview:large","max-video-preview":"max-video-preview:-1"},"canonical":"https:\/\/majaivanovic.com\/en\/uslovi-koriscenja\/","og_locale":"en_US","og_type":"article","og_title":"Uslovi koriscenja - Maja Ivanovi\u0107","og_description":"Osnovni podaci o kompaniji Puno poslovno ime je: MAJA IVANOVI\u0106 PR POMO\u0106NE OBRAZOVNE DELATNOSTI MI DU\u010cINA\u0160ifra delatnosti: 8560Mati\u010dni broj: 67929616PIB: 114887097Web adresa: www.majaivanovic.comEmail: kontakt@majaivanovic.com Kori\u0161\u0107enje veb [\u2026]","og_url":"https:\/\/majaivanovic.com\/en\/uslovi-koriscenja\/","og_site_name":"Maja Ivanovi\u0107","article_modified_time":"2026-01-15T20:03:34+00:00","og_image":[{"width":1080,"height":566,"url":"https:\/\/majaivanovic.com\/wp-content\/uploads\/preview-site-1.png","type":"image\/png"}],"twitter_card":"summary_large_image","twitter_misc":{"Est. reading time":"3 minutes"},"schema":{"@context":"https:\/\/schema.org","@graph":[{"@type":"WebPage","@id":"https:\/\/majaivanovic.com\/uslovi-koriscenja\/","url":"https:\/\/majaivanovic.com\/uslovi-koriscenja\/","name":"Uslovi koriscenja - Maja Ivanovi\u0107","isPartOf":{"@id":"https:\/\/majaivanovic.com\/#website"},"primaryImageOfPage":{"@id":"https:\/\/majaivanovic.com\/uslovi-koriscenja\/#primaryimage"},"image":{"@id":"https:\/\/majaivanovic.com\/uslovi-koriscenja\/#primaryimage"},"thumbnailUrl":"https:\/\/majaivanovic.com\/wp-content\/uploads\/preview-site-1.png","datePublished":"2025-02-12T21:40:19+00:00","dateModified":"2026-01-15T20:03:34+00:00","breadcrumb":{"@id":"https:\/\/majaivanovic.com\/uslovi-koriscenja\/#breadcrumb"},"inLanguage":"en-US","potentialAction":[{"@type":"ReadAction","target":["https:\/\/majaivanovic.com\/uslovi-koriscenja\/"]}]},{"@type":"ImageObject","inLanguage":"en-US","@id":"https:\/\/majaivanovic.com\/uslovi-koriscenja\/#primaryimage","url":"https:\/\/majaivanovic.com\/wp-content\/uploads\/preview-site-1.png","contentUrl":"https:\/\/majaivanovic.com\/wp-content\/uploads\/preview-site-1.png","width":1080,"height":566},{"@type":"BreadcrumbList","@id":"https:\/\/majaivanovic.com\/uslovi-koriscenja\/#breadcrumb","itemListElement":[{"@type":"ListItem","position":1,"name":"Home","item":"https:\/\/majaivanovic.com\/"},{"@type":"ListItem","position":2,"name":"Uslovi koriscenja"}]},{"@type":"WebSite","@id":"https:\/\/majaivanovic.com\/#website","url":"https:\/\/majaivanovic.com\/","name":"Maja Ivanovi\u0107","description":"Psihoterapija","potentialAction":[{"@type":"SearchAction","target":{"@type":"EntryPoint","urlTemplate":"https:\/\/majaivanovic.com\/?s={search_term_string}"},"query-input":{"@type":"PropertyValueSpecification","valueRequired":true,"valueName":"search_term_string"}}],"inLanguage":"en-US"}]}},"_links":{"self":[{"href":"https:\/\/majaivanovic.com\/en\/wp-json\/wp\/v2\/pages\/111","targetHints":{"allow":["GET"]}}],"collection":[{"href":"https:\/\/majaivanovic.com\/en\/wp-json\/wp\/v2\/pages"}],"about":[{"href":"https:\/\/majaivanovic.com\/en\/wp-json\/wp\/v2\/types\/page"}],"author":[{"embeddable":true,"href":"https:\/\/majaivanovic.com\/en\/wp-json\/wp\/v2\/users\/1"}],"replies":[{"embeddable":true,"href":"https:\/\/majaivanovic.com\/en\/wp-json\/wp\/v2\/comments?post=111"}],"version-history":[{"count":31,"href":"https:\/\/majaivanovic.com\/en\/wp-json\/wp\/v2\/pages\/111\/revisions"}],"predecessor-version":[{"id":978,"href":"https:\/\/majaivanovic.com\/en\/wp-json\/wp\/v2\/pages\/111\/revisions\/978"}],"wp:featuredmedia":[{"embeddable":true,"href":"https:\/\/majaivanovic.com\/en\/wp-json\/wp\/v2\/media\/77"}],"wp:attachment":[{"href":"https:\/\/majaivanovic.com\/en\/wp-json\/wp\/v2\/media?parent=111"}],"curies":[{"name":"wp","href":"https:\/\/api.w.org\/{rel}","templated":true}]}}